{"id":683,"date":"2024-12-10T23:02:16","date_gmt":"2024-12-10T23:02:16","guid":{"rendered":"https:\/\/ensy.edu.mx\/?page_id=683"},"modified":"2025-04-11T00:53:49","modified_gmt":"2025-04-11T00:53:49","slug":"actividades-de-la-lic-en-geografia","status":"publish","type":"page","link":"https:\/\/ensy.edu.mx\/index.php\/actividades-de-la-lic-en-geografia\/","title":{"rendered":"Actividades de la Lic. en Geograf\u00eda"},"content":{"rendered":"\n<p>Los alumnos de 6\u00ba semestre de la Especialidad de Geograf\u00eda atendieron a una pl\u00e1tica sobre RCP en el Auditorio de la ENSY<\/p>\n\n\n\n<p>El lunes 31 de marzo, los alumnos de 6\u00ba semestre de la Especialidad de Geograf\u00eda atendieron a una pl\u00e1tica sobre RCP en el Auditorio de la ENSY, como parte del curso: Gesti\u00f3n de riesgo de desastres y protecci\u00f3n civil, que imparte la Dra. Raquel S\u00e1nchez Rosas.<\/p>\n\n\n\n<p>La charla y la prctica&nbsp; fue impartida por los Licenciados en Enfermer\u00eda: Carlos Aldari Chan Rubio y Mara Monserrat V\u00e1squez Mart\u00ednez de la agrupaci\u00f3n ProsaludMX. Los alumnos tuvieron la oportunidad de ejecutar algunos ejercicios y comprender la importancia de conocer estos procedimientos como futuros docentes.<\/p>\n\n\n\n<p>Este tipo de actividades son experiencias que motivan a desarrollar habilidades complementarias tanto para los docentes en formaci\u00f3n como al personal de la escuela, ya que son herramientas que se pueden aplicar en diferentes contextos en situaciones de emergencia, agradecemos estan iniciativas que ayudan a fortalecer el perfil de egreso de nuestros normalistas.<\/p>\n\n\n\n<figure class=\"wp-block-gallery has-nested-images columns-default is-cropped wp-block-gallery-1 is-layout-flex wp-block-gallery-is-layout-flex\">\n<figure class=\"wp-block-image size-large\"><img loading=\"lazy\" decoding=\"async\" width=\"1024\" height=\"771\" data-id=\"1347\" src=\"https:\/\/ensy.edu.mx\/wp-content\/uploads\/2025\/04\/WhatsApp-Image-2025-04-10-at-7.45.38-AM-1-1024x771.jpeg\" alt=\"\" class=\"wp-image-1347\" srcset=\"https:\/\/ensy.edu.mx\/wp-content\/uploads\/2025\/04\/WhatsApp-Image-2025-04-10-at-7.45.38-AM-1-1024x771.jpeg 1024w, https:\/\/ensy.edu.mx\/wp-content\/uploads\/2025\/04\/WhatsApp-Image-2025-04-10-at-7.45.38-AM-1-300x226.jpeg 300w, https:\/\/ensy.edu.mx\/wp-content\/uploads\/2025\/04\/WhatsApp-Image-2025-04-10-at-7.45.38-AM-1-768x578.jpeg 768w, https:\/\/ensy.edu.mx\/wp-content\/uploads\/2025\/04\/WhatsApp-Image-2025-04-10-at-7.45.38-AM-1-1536x1156.jpeg 1536w, https:\/\/ensy.edu.mx\/wp-content\/uploads\/2025\/04\/WhatsApp-Image-2025-04-10-at-7.45.38-AM-1.jpeg 1600w\" sizes=\"auto, (max-width: 1024px) 100vw, 1024px\" \/><\/figure>\n\n\n\n<figure class=\"wp-block-image size-large\"><img loading=\"lazy\" decoding=\"async\" width=\"1024\" height=\"771\" data-id=\"1348\" src=\"https:\/\/ensy.edu.mx\/wp-content\/uploads\/2025\/04\/WhatsApp-Image-2025-04-10-at-7.46.18-AM-1-1024x771.jpeg\" alt=\"\" class=\"wp-image-1348\" srcset=\"https:\/\/ensy.edu.mx\/wp-content\/uploads\/2025\/04\/WhatsApp-Image-2025-04-10-at-7.46.18-AM-1-1024x771.jpeg 1024w, https:\/\/ensy.edu.mx\/wp-content\/uploads\/2025\/04\/WhatsApp-Image-2025-04-10-at-7.46.18-AM-1-300x226.jpeg 300w, https:\/\/ensy.edu.mx\/wp-content\/uploads\/2025\/04\/WhatsApp-Image-2025-04-10-at-7.46.18-AM-1-768x578.jpeg 768w, https:\/\/ensy.edu.mx\/wp-content\/uploads\/2025\/04\/WhatsApp-Image-2025-04-10-at-7.46.18-AM-1-1536x1156.jpeg 1536w, https:\/\/ensy.edu.mx\/wp-content\/uploads\/2025\/04\/WhatsApp-Image-2025-04-10-at-7.46.18-AM-1.jpeg 1600w\" sizes=\"auto, (max-width: 1024px) 100vw, 1024px\" \/><\/figure>\n\n\n\n<figure class=\"wp-block-image size-large\"><img loading=\"lazy\" decoding=\"async\" width=\"771\" height=\"1024\" data-id=\"1349\" src=\"https:\/\/ensy.edu.mx\/wp-content\/uploads\/2025\/04\/WhatsApp-Image-2025-04-10-at-7.47.00-AM-1-771x1024.jpeg\" alt=\"\" class=\"wp-image-1349\" srcset=\"https:\/\/ensy.edu.mx\/wp-content\/uploads\/2025\/04\/WhatsApp-Image-2025-04-10-at-7.47.00-AM-1-771x1024.jpeg 771w, https:\/\/ensy.edu.mx\/wp-content\/uploads\/2025\/04\/WhatsApp-Image-2025-04-10-at-7.47.00-AM-1-226x300.jpeg 226w, https:\/\/ensy.edu.mx\/wp-content\/uploads\/2025\/04\/WhatsApp-Image-2025-04-10-at-7.47.00-AM-1-768x1021.jpeg 768w, https:\/\/ensy.edu.mx\/wp-content\/uploads\/2025\/04\/WhatsApp-Image-2025-04-10-at-7.47.00-AM-1-1156x1536.jpeg 1156w, https:\/\/ensy.edu.mx\/wp-content\/uploads\/2025\/04\/WhatsApp-Image-2025-04-10-at-7.47.00-AM-1.jpeg 1204w\" sizes=\"auto, (max-width: 771px) 100vw, 771px\" \/><\/figure>\n\n\n\n<figure class=\"wp-block-image size-large\"><img loading=\"lazy\" decoding=\"async\" width=\"1024\" height=\"771\" data-id=\"1352\" src=\"https:\/\/ensy.edu.mx\/wp-content\/uploads\/2025\/04\/WhatsApp-Image-2025-04-10-at-7.48.20-AM-2-1024x771.jpeg\" alt=\"\" class=\"wp-image-1352\" srcset=\"https:\/\/ensy.edu.mx\/wp-content\/uploads\/2025\/04\/WhatsApp-Image-2025-04-10-at-7.48.20-AM-2-1024x771.jpeg 1024w, https:\/\/ensy.edu.mx\/wp-content\/uploads\/2025\/04\/WhatsApp-Image-2025-04-10-at-7.48.20-AM-2-300x226.jpeg 300w, https:\/\/ensy.edu.mx\/wp-content\/uploads\/2025\/04\/WhatsApp-Image-2025-04-10-at-7.48.20-AM-2-768x578.jpeg 768w, https:\/\/ensy.edu.mx\/wp-content\/uploads\/2025\/04\/WhatsApp-Image-2025-04-10-at-7.48.20-AM-2-1536x1156.jpeg 1536w, https:\/\/ensy.edu.mx\/wp-content\/uploads\/2025\/04\/WhatsApp-Image-2025-04-10-at-7.48.20-AM-2.jpeg 1600w\" sizes=\"auto, (max-width: 1024px) 100vw, 1024px\" \/><\/figure>\n\n\n\n<figure class=\"wp-block-image size-large\"><img loading=\"lazy\" decoding=\"async\" width=\"1024\" height=\"771\" data-id=\"1350\" src=\"https:\/\/ensy.edu.mx\/wp-content\/uploads\/2025\/04\/WhatsApp-Image-2025-04-10-at-7.48.20-AM-1-1-1024x771.jpeg\" alt=\"\" class=\"wp-image-1350\" srcset=\"https:\/\/ensy.edu.mx\/wp-content\/uploads\/2025\/04\/WhatsApp-Image-2025-04-10-at-7.48.20-AM-1-1-1024x771.jpeg 1024w, https:\/\/ensy.edu.mx\/wp-content\/uploads\/2025\/04\/WhatsApp-Image-2025-04-10-at-7.48.20-AM-1-1-300x226.jpeg 300w, https:\/\/ensy.edu.mx\/wp-content\/uploads\/2025\/04\/WhatsApp-Image-2025-04-10-at-7.48.20-AM-1-1-768x578.jpeg 768w, https:\/\/ensy.edu.mx\/wp-content\/uploads\/2025\/04\/WhatsApp-Image-2025-04-10-at-7.48.20-AM-1-1-1536x1156.jpeg 1536w, https:\/\/ensy.edu.mx\/wp-content\/uploads\/2025\/04\/WhatsApp-Image-2025-04-10-at-7.48.20-AM-1-1.jpeg 1600w\" sizes=\"auto, (max-width: 1024px) 100vw, 1024px\" \/><\/figure>\n\n\n\n<figure class=\"wp-block-image size-large\"><img loading=\"lazy\" decoding=\"async\" width=\"1024\" height=\"771\" data-id=\"1351\" src=\"https:\/\/ensy.edu.mx\/wp-content\/uploads\/2025\/04\/WhatsApp-Image-2025-04-10-at-7.48.21-AM-1-1024x771.jpeg\" alt=\"\" class=\"wp-image-1351\" srcset=\"https:\/\/ensy.edu.mx\/wp-content\/uploads\/2025\/04\/WhatsApp-Image-2025-04-10-at-7.48.21-AM-1-1024x771.jpeg 1024w, https:\/\/ensy.edu.mx\/wp-content\/uploads\/2025\/04\/WhatsApp-Image-2025-04-10-at-7.48.21-AM-1-300x226.jpeg 300w, https:\/\/ensy.edu.mx\/wp-content\/uploads\/2025\/04\/WhatsApp-Image-2025-04-10-at-7.48.21-AM-1-768x578.jpeg 768w, https:\/\/ensy.edu.mx\/wp-content\/uploads\/2025\/04\/WhatsApp-Image-2025-04-10-at-7.48.21-AM-1-1536x1156.jpeg 1536w, https:\/\/ensy.edu.mx\/wp-content\/uploads\/2025\/04\/WhatsApp-Image-2025-04-10-at-7.48.21-AM-1.jpeg 1600w\" sizes=\"auto, (max-width: 1024px) 100vw, 1024px\" \/><\/figure>\n<\/figure>\n\n\n\n<p><\/p>\n\n\n\n<p><\/p>\n\n\n\n<p>&nbsp;El alumnado del 4to semestre de la Licenciatura en Ense\u00f1anza y Aprendizaje de la Geograf\u00eda junto con la Mtra. G\u00e9nesis Jim\u00e9nez quien imparte la asignatura de Geograf\u00eda Cultural, realizaron una maqueta con las diferentes caracter\u00edsticas y elementos que nos identifican como Yucatecos, se formaron equipos de cinco integrantes, donde cada equipo escogi\u00f3 las categorias, el equipo No. 1 estuvo conformado por Emma Barroso, Lili Rivera, Dafne Chigo, Mart\u00edn Manzanilla y Yazm\u00edn Azueta con los elementos: Gastronom\u00eda, Zonas Arqueol\u00f3gicas y Viviendas Mayas. Donde expusieron cada una e hicieron una&nbsp; representacion con comida regional como el Relleno negro, Cochinita pibil y Papadzules, encuanto a la zona arqueol\u00f3gica que escogieron fue Chichen Itz\u00e1.<\/p>\n\n\n\n<p>El segundo y \u00faltimo equipo conformado por Akari Mart\u00ednez, Cristian Moguel, Ingrid Soberanis, Mariana Ayil y Laura Uicab, escogieron como elementos de la Cultura Yucateca; Los juegos tradicionales, el centro de M\u00e9rida, la jarana y las populares bombas yucatecas. Explicaron el legado de cada elemento, tambien se tuvo la participaci\u00f3n del peque\u00f1o hermano de Mariana Ayil \u00e9l cual bail\u00f3 una jarana titulada Nicte H\u00e1, por \u00faltimo la alumna Mariana present\u00f3 bombas insp\u00edradas en&nbsp; la comunidad educativa. De igual forma, los alumnos se caracterizaron con la vestimenta t\u00edpica del Estado.<\/p>\n\n\n\n<p>El objetivo de esta actividad fue que el alumnado del 4to semestre investigue y descubra el significado de nuestra Cultura,&nbsp; pero sobre todo qu\u00e9 nos identifica como Yucatecos, de la misma forma en la que ellos aprenden y realizan estas actividades de tal magnitud y que&nbsp; el d\u00eda de ma\u00f1ana puedan llevarlas a sus aula y poder compartir entre generaciones lo que es ser de Yucat\u00e1n.<\/p>\n\n\n\n<figure class=\"wp-block-gallery has-nested-images columns-default is-cropped wp-block-gallery-2 is-layout-flex wp-block-gallery-is-layout-flex\">\n<figure class=\"wp-block-image size-large\"><img loading=\"lazy\" decoding=\"async\" width=\"1024\" height=\"768\" data-id=\"953\" src=\"https:\/\/ensy.edu.mx\/wp-content\/uploads\/2025\/03\/maqueta-3-1024x768.jpeg\" alt=\"\" class=\"wp-image-953\" srcset=\"https:\/\/ensy.edu.mx\/wp-content\/uploads\/2025\/03\/maqueta-3-1024x768.jpeg 1024w, https:\/\/ensy.edu.mx\/wp-content\/uploads\/2025\/03\/maqueta-3-300x225.jpeg 300w, https:\/\/ensy.edu.mx\/wp-content\/uploads\/2025\/03\/maqueta-3-768x576.jpeg 768w, https:\/\/ensy.edu.mx\/wp-content\/uploads\/2025\/03\/maqueta-3-1536x1152.jpeg 1536w, https:\/\/ensy.edu.mx\/wp-content\/uploads\/2025\/03\/maqueta-3.jpeg 1600w\" sizes=\"auto, (max-width: 1024px) 100vw, 1024px\" \/><\/figure>\n\n\n\n<figure class=\"wp-block-image size-large\"><img loading=\"lazy\" decoding=\"async\" width=\"1024\" height=\"768\" data-id=\"952\" src=\"https:\/\/ensy.edu.mx\/wp-content\/uploads\/2025\/03\/maqueta-1-1024x768.jpeg\" alt=\"\" class=\"wp-image-952\" srcset=\"https:\/\/ensy.edu.mx\/wp-content\/uploads\/2025\/03\/maqueta-1-1024x768.jpeg 1024w, https:\/\/ensy.edu.mx\/wp-content\/uploads\/2025\/03\/maqueta-1-300x225.jpeg 300w, https:\/\/ensy.edu.mx\/wp-content\/uploads\/2025\/03\/maqueta-1-768x576.jpeg 768w, https:\/\/ensy.edu.mx\/wp-content\/uploads\/2025\/03\/maqueta-1-1536x1152.jpeg 1536w, https:\/\/ensy.edu.mx\/wp-content\/uploads\/2025\/03\/maqueta-1.jpeg 1600w\" sizes=\"auto, (max-width: 1024px) 100vw, 1024px\" \/><\/figure>\n\n\n\n<figure class=\"wp-block-image size-large\"><img loading=\"lazy\" decoding=\"async\" width=\"1024\" height=\"768\" data-id=\"954\" src=\"https:\/\/ensy.edu.mx\/wp-content\/uploads\/2025\/03\/maqueta-5-2-1024x768.jpeg\" alt=\"\" class=\"wp-image-954\" srcset=\"https:\/\/ensy.edu.mx\/wp-content\/uploads\/2025\/03\/maqueta-5-2-1024x768.jpeg 1024w, https:\/\/ensy.edu.mx\/wp-content\/uploads\/2025\/03\/maqueta-5-2-300x225.jpeg 300w, https:\/\/ensy.edu.mx\/wp-content\/uploads\/2025\/03\/maqueta-5-2-768x576.jpeg 768w, https:\/\/ensy.edu.mx\/wp-content\/uploads\/2025\/03\/maqueta-5-2-1536x1152.jpeg 1536w, https:\/\/ensy.edu.mx\/wp-content\/uploads\/2025\/03\/maqueta-5-2.jpeg 1600w\" sizes=\"auto, (max-width: 1024px) 100vw, 1024px\" \/><\/figure>\n<\/figure>\n\n\n\n<p><\/p>\n\n\n\n<p><\/p>\n\n\n\n<p>Fortaleciendo lazos de conocimiento y aprendizaje con los docentes, alumnas y alumnos de la Normal de Texcoco<\/p>\n\n\n\n<figure class=\"wp-block-gallery has-nested-images columns-default is-cropped wp-block-gallery-3 is-layout-flex wp-block-gallery-is-layout-flex\">\n<figure class=\"wp-block-image size-large\"><img loading=\"lazy\" decoding=\"async\" width=\"1024\" height=\"461\" data-id=\"684\" src=\"https:\/\/ensy.edu.mx\/wp-content\/uploads\/2024\/12\/IMG-20241203-WA0022-1024x461.jpg\" alt=\"\" class=\"wp-image-684\" srcset=\"https:\/\/ensy.edu.mx\/wp-content\/uploads\/2024\/12\/IMG-20241203-WA0022-1024x461.jpg 1024w, https:\/\/ensy.edu.mx\/wp-content\/uploads\/2024\/12\/IMG-20241203-WA0022-300x135.jpg 300w, https:\/\/ensy.edu.mx\/wp-content\/uploads\/2024\/12\/IMG-20241203-WA0022-768x346.jpg 768w, https:\/\/ensy.edu.mx\/wp-content\/uploads\/2024\/12\/IMG-20241203-WA0022-1536x691.jpg 1536w, https:\/\/ensy.edu.mx\/wp-content\/uploads\/2024\/12\/IMG-20241203-WA0022.jpg 1600w\" sizes=\"auto, (max-width: 1024px) 100vw, 1024px\" \/><\/figure>\n<\/figure>\n\n\n\n<figure class=\"wp-block-gallery has-nested-images columns-default is-cropped wp-block-gallery-4 is-layout-flex wp-block-gallery-is-layout-flex\">\n<figure class=\"wp-block-image size-large\"><img loading=\"lazy\" decoding=\"async\" width=\"1024\" height=\"576\" data-id=\"687\" src=\"https:\/\/ensy.edu.mx\/wp-content\/uploads\/2024\/12\/IMG-20241202-WA0139-1-1024x576.jpg\" alt=\"\" class=\"wp-image-687\" srcset=\"https:\/\/ensy.edu.mx\/wp-content\/uploads\/2024\/12\/IMG-20241202-WA0139-1-1024x576.jpg 1024w, https:\/\/ensy.edu.mx\/wp-content\/uploads\/2024\/12\/IMG-20241202-WA0139-1-300x169.jpg 300w, https:\/\/ensy.edu.mx\/wp-content\/uploads\/2024\/12\/IMG-20241202-WA0139-1-768x432.jpg 768w, https:\/\/ensy.edu.mx\/wp-content\/uploads\/2024\/12\/IMG-20241202-WA0139-1-1536x864.jpg 1536w, https:\/\/ensy.edu.mx\/wp-content\/uploads\/2024\/12\/IMG-20241202-WA0139-1.jpg 1599w\" sizes=\"auto, (max-width: 1024px) 100vw, 1024px\" \/><\/figure>\n<\/figure>\n\n\n\n<figure class=\"wp-block-image size-large\"><img loading=\"lazy\" decoding=\"async\" width=\"1024\" height=\"768\" src=\"https:\/\/ensy.edu.mx\/wp-content\/uploads\/2024\/12\/20241203_085210-1-1024x768.jpg\" alt=\"\" class=\"wp-image-688\" srcset=\"https:\/\/ensy.edu.mx\/wp-content\/uploads\/2024\/12\/20241203_085210-1-1024x768.jpg 1024w, https:\/\/ensy.edu.mx\/wp-content\/uploads\/2024\/12\/20241203_085210-1-300x225.jpg 300w, https:\/\/ensy.edu.mx\/wp-content\/uploads\/2024\/12\/20241203_085210-1-768x576.jpg 768w, https:\/\/ensy.edu.mx\/wp-content\/uploads\/2024\/12\/20241203_085210-1-1536x1152.jpg 1536w, https:\/\/ensy.edu.mx\/wp-content\/uploads\/2024\/12\/20241203_085210-1-2048x1536.jpg 2048w\" sizes=\"auto, (max-width: 1024px) 100vw, 1024px\" \/><\/figure>\n\n\n\n<p><\/p>\n","protected":false},"excerpt":{"rendered":"<p>Los alumnos de 6\u00ba semestre de la Especialidad de Geograf\u00eda atendieron a una pl\u00e1tica sobre RCP en el Auditorio de la ENSY El lunes 31 de marzo, los alumnos de 6\u00ba semestre de la Especialidad de Geograf\u00eda atendieron a una pl\u00e1tica sobre RCP en el &hellip; <\/p>\n","protected":false},"author":1,"featured_media":0,"parent":0,"menu_order":0,"comment_status":"closed","ping_status":"closed","template":"","meta":{"footnotes":""},"class_list":["post-683","page","type-page","status-publish","hentry"],"_links":{"self":[{"href":"https:\/\/ensy.edu.mx\/index.php\/wp-json\/wp\/v2\/pages\/683","targetHints":{"allow":["GET"]}}],"collection":[{"href":"https:\/\/ensy.edu.mx\/index.php\/wp-json\/wp\/v2\/pages"}],"about":[{"href":"https:\/\/ensy.edu.mx\/index.php\/wp-json\/wp\/v2\/types\/page"}],"author":[{"embeddable":true,"href":"https:\/\/ensy.edu.mx\/index.php\/wp-json\/wp\/v2\/users\/1"}],"replies":[{"embeddable":true,"href":"https:\/\/ensy.edu.mx\/index.php\/wp-json\/wp\/v2\/comments?post=683"}],"version-history":[{"count":6,"href":"https:\/\/ensy.edu.mx\/index.php\/wp-json\/wp\/v2\/pages\/683\/revisions"}],"predecessor-version":[{"id":1353,"href":"https:\/\/ensy.edu.mx\/index.php\/wp-json\/wp\/v2\/pages\/683\/revisions\/1353"}],"wp:attachment":[{"href":"https:\/\/ensy.edu.mx\/index.php\/wp-json\/wp\/v2\/media?parent=683"}],"curies":[{"name":"wp","href":"https:\/\/api.w.org\/{rel}","templated":true}]}}