{"id":64,"date":"2024-08-27T23:46:53","date_gmt":"2024-08-27T23:46:53","guid":{"rendered":"https:\/\/ensy.edu.mx\/?page_id=64"},"modified":"2026-03-27T22:55:20","modified_gmt":"2026-03-27T22:55:20","slug":"educacion-artistica","status":"publish","type":"page","link":"https:\/\/ensy.edu.mx\/index.php\/educacion-artistica\/","title":{"rendered":"Educaci\u00f3n Art\u00edstica"},"content":{"rendered":"\n<figure class=\"wp-block-image size-large is-resized\"><img loading=\"lazy\" decoding=\"async\" width=\"768\" height=\"1024\" src=\"https:\/\/ensy.edu.mx\/wp-content\/uploads\/2026\/03\/image-116-768x1024.png\" alt=\"\" class=\"wp-image-2987\" style=\"aspect-ratio:0.7500171833115679;width:297px;height:auto\" srcset=\"https:\/\/ensy.edu.mx\/wp-content\/uploads\/2026\/03\/image-116-768x1023.png 768w, https:\/\/ensy.edu.mx\/wp-content\/uploads\/2026\/03\/image-116-225x300.png 225w, https:\/\/ensy.edu.mx\/wp-content\/uploads\/2026\/03\/image-116-1153x1536.png 1153w, https:\/\/ensy.edu.mx\/wp-content\/uploads\/2026\/03\/image-116.png 1200w\" sizes=\"auto, (max-width: 768px) 100vw, 768px\" \/><\/figure>\n\n\n\n<p>Coordinador Mtro. Luis Matos Gonz\u00e1lez<br>MENSAJE DE BIENVENIDA PARA LAS Y LOS ALUMNOS DE PRIMER INGRESO DE LA GENERACI\u00d3N 2024-2025<\/p>\n\n\n\n<p><strong>Ago 26, 2024<\/strong><\/p>\n\n\n\n<p>J\u00f3venes Normalistas: <br>Sean todas y todos ustedes muy bienvenidos a este nuevo ciclo escolar, 2024-2025.<br>Bienvenidos a la mejor casa de estudios de nuestro Estado.<br>Se incorporan a una instituci\u00f3n de educaci\u00f3n superior integral, en donde se cultivan la docencia, la investigaci\u00f3n, la cultura y el deporte; donde se vive y celebra la diversidad, y en donde se promueve la tolerancia, el respeto y la igualdad.<br>Ingresen a este nuevo ciclo con todo entusiasmo y alegr\u00eda por transitar los nuevos senderos del conocimiento que demandan sus grados y disciplinas, y h\u00e1ganlo con la dedicaci\u00f3n y constancia necesarias para esculpir su futuro.<br>Con cada nuevo ingreso de ustedes, la Escuela Normal Superior de Yucat\u00e1n, renace, rejuvenece y refrenda el car\u00e1cter vital y vibrante de su comunidad, que a\u00f1o tras a\u00f1o crece y se fortalece.<br>Les invito a vivir la espl\u00e9ndida experiencia normalista, no s\u00f3lo mediante el estudio y \u00e1nimo de superaci\u00f3n personal, sino tambi\u00e9n a trav\u00e9s de la convivencia plural y armoniosa, tanto con sus compa\u00f1eras y compa\u00f1eros, como con todo el personal acad\u00e9mico y administrativo.<br>En sus aulas y espacios forjar\u00e1n su car\u00e1cter y fincar\u00e1n las bases de su desarrollo profesional y humano, al interactuar con la gran diversidad de intereses y creatividad que componen a nuestra gran comunidad.<br>Son ustedes ya, parte de una Normal libre, aut\u00f3noma, emp\u00e1tica y solidaria con las necesidades de nuestro Estado. Una Escuela Normal que pretende formar ciudadanos independientes con conciencia social, con inquietudes de progreso e innovaci\u00f3n y comprometidas con la igualdad y la justicia social.<br>El futuro de M\u00e9xico, hoy m\u00e1s que nunca, demanda de su talento, esfuerzo y dedicaci\u00f3n. Como Escuela Normal Superior de Yucat\u00e1n, la ENSY espera mucho de ustedes.<br>Aprovechen y disfruten cada experiencia de su vida Normalista y s\u00e1quenle el mayor provecho a las miles de oportunidades \u2014ya sea educativas, deportivas o culturales\u2014 que esta instituci\u00f3n les ofrece.<\/p>\n\n\n\n<p>De nuevo, sean muy bienvenidos a su casa: la Escuela Normal Superior de Yucat\u00e1n \u201cProfesor Antonio Betancourt P\u00e9rez\u201d.<\/p>\n\n\n\n<p class=\"has-text-align-center\"><strong>\u201cAprendiendo hoy para ense\u00f1ar ma\u00f1ana\u201d<br>Roberto Tello Mart\u00ednez<br>Coordinador de la Licenciatura en Educaci\u00f3n Art\u00edstica<\/strong><\/p>\n\n\n\n<p class=\"has-text-align-right\">M\u00e9rida, Yucat\u00e1n, M\u00e9xico, a 26 de agosto de 2024<\/p>\n\n\n\n<div class=\"wp-block-cover\"><img loading=\"lazy\" decoding=\"async\" width=\"1024\" height=\"696\" class=\"wp-block-cover__image-background wp-image-494\" alt=\"\" src=\"https:\/\/ensy.edu.mx\/wp-content\/uploads\/2024\/09\/artistica-1024x696.jpg\" data-object-fit=\"cover\" srcset=\"https:\/\/ensy.edu.mx\/wp-content\/uploads\/2024\/09\/artistica-1024x696.jpg 1024w, https:\/\/ensy.edu.mx\/wp-content\/uploads\/2024\/09\/artistica-300x204.jpg 300w, https:\/\/ensy.edu.mx\/wp-content\/uploads\/2024\/09\/artistica-768x522.jpg 768w, https:\/\/ensy.edu.mx\/wp-content\/uploads\/2024\/09\/artistica-135x93.jpg 135w, https:\/\/ensy.edu.mx\/wp-content\/uploads\/2024\/09\/artistica.jpg 1276w\" sizes=\"auto, (max-width: 1024px) 100vw, 1024px\" \/><span aria-hidden=\"true\" class=\"wp-block-cover__background has-background-dim\"><\/span><div class=\"wp-block-cover__inner-container is-layout-flow wp-block-cover-is-layout-flow\">\n<p class=\"has-text-align-center has-large-font-size\">Licenciatura en educaci\u00f3n Art\u00edstica<\/p>\n<\/div><\/div>\n\n\n\n<p><\/p>\n\n\n\n<h2 class=\"wp-block-heading\">Entrega de Cartas de Candidatura de Licenciatura 2024<\/h2>\n\n\n\n<figure class=\"wp-block-gallery has-nested-images columns-default is-cropped wp-block-gallery-1 is-layout-flex wp-block-gallery-is-layout-flex\">\n<figure class=\"wp-block-image size-large\"><img loading=\"lazy\" decoding=\"async\" width=\"1024\" height=\"683\" data-id=\"204\" src=\"https:\/\/ensy.edu.mx\/wp-content\/uploads\/2024\/08\/DSC06682-1024x683.jpg\" alt=\"\" class=\"wp-image-204\" srcset=\"https:\/\/ensy.edu.mx\/wp-content\/uploads\/2024\/08\/DSC06682-1024x683.jpg 1024w, https:\/\/ensy.edu.mx\/wp-content\/uploads\/2024\/08\/DSC06682-300x200.jpg 300w, https:\/\/ensy.edu.mx\/wp-content\/uploads\/2024\/08\/DSC06682-768x512.jpg 768w, https:\/\/ensy.edu.mx\/wp-content\/uploads\/2024\/08\/DSC06682-1536x1024.jpg 1536w, https:\/\/ensy.edu.mx\/wp-content\/uploads\/2024\/08\/DSC06682-2048x1365.jpg 2048w\" sizes=\"auto, (max-width: 1024px) 100vw, 1024px\" \/><\/figure>\n\n\n\n<figure class=\"wp-block-image size-large\"><img loading=\"lazy\" decoding=\"async\" width=\"1024\" height=\"683\" data-id=\"203\" src=\"https:\/\/ensy.edu.mx\/wp-content\/uploads\/2024\/08\/DSC06683-1024x683.jpg\" alt=\"\" class=\"wp-image-203\" srcset=\"https:\/\/ensy.edu.mx\/wp-content\/uploads\/2024\/08\/DSC06683-1024x683.jpg 1024w, https:\/\/ensy.edu.mx\/wp-content\/uploads\/2024\/08\/DSC06683-300x200.jpg 300w, https:\/\/ensy.edu.mx\/wp-content\/uploads\/2024\/08\/DSC06683-768x512.jpg 768w, https:\/\/ensy.edu.mx\/wp-content\/uploads\/2024\/08\/DSC06683-1536x1024.jpg 1536w, https:\/\/ensy.edu.mx\/wp-content\/uploads\/2024\/08\/DSC06683-2048x1365.jpg 2048w\" sizes=\"auto, (max-width: 1024px) 100vw, 1024px\" \/><\/figure>\n\n\n\n<figure class=\"wp-block-image size-large\"><img loading=\"lazy\" decoding=\"async\" width=\"1024\" height=\"683\" data-id=\"202\" src=\"https:\/\/ensy.edu.mx\/wp-content\/uploads\/2024\/08\/DSC06686-1024x683.jpg\" alt=\"\" class=\"wp-image-202\" srcset=\"https:\/\/ensy.edu.mx\/wp-content\/uploads\/2024\/08\/DSC06686-1024x683.jpg 1024w, https:\/\/ensy.edu.mx\/wp-content\/uploads\/2024\/08\/DSC06686-300x200.jpg 300w, https:\/\/ensy.edu.mx\/wp-content\/uploads\/2024\/08\/DSC06686-768x512.jpg 768w, https:\/\/ensy.edu.mx\/wp-content\/uploads\/2024\/08\/DSC06686-1536x1024.jpg 1536w, https:\/\/ensy.edu.mx\/wp-content\/uploads\/2024\/08\/DSC06686-2048x1365.jpg 2048w\" sizes=\"auto, (max-width: 1024px) 100vw, 1024px\" \/><\/figure>\n\n\n\n<figure class=\"wp-block-image size-large\"><img loading=\"lazy\" decoding=\"async\" width=\"1024\" height=\"683\" data-id=\"201\" src=\"https:\/\/ensy.edu.mx\/wp-content\/uploads\/2024\/08\/DSC06688-1024x683.jpg\" alt=\"\" class=\"wp-image-201\" srcset=\"https:\/\/ensy.edu.mx\/wp-content\/uploads\/2024\/08\/DSC06688-1024x683.jpg 1024w, https:\/\/ensy.edu.mx\/wp-content\/uploads\/2024\/08\/DSC06688-300x200.jpg 300w, https:\/\/ensy.edu.mx\/wp-content\/uploads\/2024\/08\/DSC06688-768x512.jpg 768w, https:\/\/ensy.edu.mx\/wp-content\/uploads\/2024\/08\/DSC06688-1536x1024.jpg 1536w, https:\/\/ensy.edu.mx\/wp-content\/uploads\/2024\/08\/DSC06688-2048x1365.jpg 2048w\" sizes=\"auto, (max-width: 1024px) 100vw, 1024px\" \/><\/figure>\n\n\n\n<figure class=\"wp-block-image size-large\"><img loading=\"lazy\" decoding=\"async\" width=\"1024\" height=\"683\" data-id=\"207\" src=\"https:\/\/ensy.edu.mx\/wp-content\/uploads\/2024\/08\/DSC06689-1024x683.jpg\" alt=\"\" class=\"wp-image-207\" srcset=\"https:\/\/ensy.edu.mx\/wp-content\/uploads\/2024\/08\/DSC06689-1024x683.jpg 1024w, https:\/\/ensy.edu.mx\/wp-content\/uploads\/2024\/08\/DSC06689-300x200.jpg 300w, https:\/\/ensy.edu.mx\/wp-content\/uploads\/2024\/08\/DSC06689-768x512.jpg 768w, https:\/\/ensy.edu.mx\/wp-content\/uploads\/2024\/08\/DSC06689-1536x1024.jpg 1536w, https:\/\/ensy.edu.mx\/wp-content\/uploads\/2024\/08\/DSC06689-2048x1365.jpg 2048w\" sizes=\"auto, (max-width: 1024px) 100vw, 1024px\" \/><\/figure>\n\n\n\n<figure class=\"wp-block-image size-large\"><img loading=\"lazy\" decoding=\"async\" width=\"1024\" height=\"683\" data-id=\"206\" src=\"https:\/\/ensy.edu.mx\/wp-content\/uploads\/2024\/08\/DSC06691-1024x683.jpg\" alt=\"\" class=\"wp-image-206\" srcset=\"https:\/\/ensy.edu.mx\/wp-content\/uploads\/2024\/08\/DSC06691-1024x683.jpg 1024w, https:\/\/ensy.edu.mx\/wp-content\/uploads\/2024\/08\/DSC06691-300x200.jpg 300w, https:\/\/ensy.edu.mx\/wp-content\/uploads\/2024\/08\/DSC06691-768x512.jpg 768w, https:\/\/ensy.edu.mx\/wp-content\/uploads\/2024\/08\/DSC06691-1536x1024.jpg 1536w, https:\/\/ensy.edu.mx\/wp-content\/uploads\/2024\/08\/DSC06691-2048x1365.jpg 2048w\" sizes=\"auto, (max-width: 1024px) 100vw, 1024px\" \/><\/figure>\n\n\n\n<figure class=\"wp-block-image size-large\"><img loading=\"lazy\" decoding=\"async\" width=\"1024\" height=\"683\" data-id=\"205\" src=\"https:\/\/ensy.edu.mx\/wp-content\/uploads\/2024\/08\/DSC06693-1024x683.jpg\" alt=\"\" class=\"wp-image-205\" srcset=\"https:\/\/ensy.edu.mx\/wp-content\/uploads\/2024\/08\/DSC06693-1024x683.jpg 1024w, https:\/\/ensy.edu.mx\/wp-content\/uploads\/2024\/08\/DSC06693-300x200.jpg 300w, https:\/\/ensy.edu.mx\/wp-content\/uploads\/2024\/08\/DSC06693-768x512.jpg 768w, https:\/\/ensy.edu.mx\/wp-content\/uploads\/2024\/08\/DSC06693-1536x1024.jpg 1536w, https:\/\/ensy.edu.mx\/wp-content\/uploads\/2024\/08\/DSC06693-2048x1365.jpg 2048w\" sizes=\"auto, (max-width: 1024px) 100vw, 1024px\" \/><\/figure>\n\n\n\n<figure class=\"wp-block-image size-large\"><img loading=\"lazy\" decoding=\"async\" width=\"1024\" height=\"683\" data-id=\"208\" src=\"https:\/\/ensy.edu.mx\/wp-content\/uploads\/2024\/08\/DSC06695-1024x683.jpg\" alt=\"\" class=\"wp-image-208\" srcset=\"https:\/\/ensy.edu.mx\/wp-content\/uploads\/2024\/08\/DSC06695-1024x683.jpg 1024w, https:\/\/ensy.edu.mx\/wp-content\/uploads\/2024\/08\/DSC06695-300x200.jpg 300w, https:\/\/ensy.edu.mx\/wp-content\/uploads\/2024\/08\/DSC06695-768x512.jpg 768w, https:\/\/ensy.edu.mx\/wp-content\/uploads\/2024\/08\/DSC06695-1536x1024.jpg 1536w, https:\/\/ensy.edu.mx\/wp-content\/uploads\/2024\/08\/DSC06695-2048x1365.jpg 2048w\" sizes=\"auto, (max-width: 1024px) 100vw, 1024px\" \/><\/figure>\n\n\n\n<figure class=\"wp-block-image size-large\"><img loading=\"lazy\" decoding=\"async\" width=\"1024\" height=\"683\" data-id=\"209\" src=\"https:\/\/ensy.edu.mx\/wp-content\/uploads\/2024\/08\/DSC06697-1024x683.jpg\" alt=\"\" class=\"wp-image-209\" srcset=\"https:\/\/ensy.edu.mx\/wp-content\/uploads\/2024\/08\/DSC06697-1024x683.jpg 1024w, https:\/\/ensy.edu.mx\/wp-content\/uploads\/2024\/08\/DSC06697-300x200.jpg 300w, https:\/\/ensy.edu.mx\/wp-content\/uploads\/2024\/08\/DSC06697-768x512.jpg 768w, https:\/\/ensy.edu.mx\/wp-content\/uploads\/2024\/08\/DSC06697-1536x1024.jpg 1536w, https:\/\/ensy.edu.mx\/wp-content\/uploads\/2024\/08\/DSC06697-2048x1365.jpg 2048w\" sizes=\"auto, (max-width: 1024px) 100vw, 1024px\" \/><\/figure>\n\n\n\n<figure class=\"wp-block-image size-large\"><img loading=\"lazy\" decoding=\"async\" width=\"1024\" height=\"683\" data-id=\"211\" src=\"https:\/\/ensy.edu.mx\/wp-content\/uploads\/2024\/08\/DSC06702-1024x683.jpg\" alt=\"\" class=\"wp-image-211\" srcset=\"https:\/\/ensy.edu.mx\/wp-content\/uploads\/2024\/08\/DSC06702-1024x683.jpg 1024w, https:\/\/ensy.edu.mx\/wp-content\/uploads\/2024\/08\/DSC06702-300x200.jpg 300w, https:\/\/ensy.edu.mx\/wp-content\/uploads\/2024\/08\/DSC06702-768x512.jpg 768w, https:\/\/ensy.edu.mx\/wp-content\/uploads\/2024\/08\/DSC06702-1536x1024.jpg 1536w, https:\/\/ensy.edu.mx\/wp-content\/uploads\/2024\/08\/DSC06702-2048x1365.jpg 2048w\" sizes=\"auto, (max-width: 1024px) 100vw, 1024px\" \/><\/figure>\n\n\n\n<figure class=\"wp-block-image size-large\"><img loading=\"lazy\" decoding=\"async\" width=\"1024\" height=\"683\" data-id=\"210\" src=\"https:\/\/ensy.edu.mx\/wp-content\/uploads\/2024\/08\/DSC06703-1024x683.jpg\" alt=\"\" class=\"wp-image-210\" srcset=\"https:\/\/ensy.edu.mx\/wp-content\/uploads\/2024\/08\/DSC06703-1024x683.jpg 1024w, https:\/\/ensy.edu.mx\/wp-content\/uploads\/2024\/08\/DSC06703-300x200.jpg 300w, https:\/\/ensy.edu.mx\/wp-content\/uploads\/2024\/08\/DSC06703-768x512.jpg 768w, https:\/\/ensy.edu.mx\/wp-content\/uploads\/2024\/08\/DSC06703-1536x1024.jpg 1536w, https:\/\/ensy.edu.mx\/wp-content\/uploads\/2024\/08\/DSC06703-2048x1365.jpg 2048w\" sizes=\"auto, (max-width: 1024px) 100vw, 1024px\" \/><\/figure>\n\n\n\n<figure class=\"wp-block-image size-large\"><img loading=\"lazy\" decoding=\"async\" width=\"1024\" height=\"683\" data-id=\"214\" src=\"https:\/\/ensy.edu.mx\/wp-content\/uploads\/2024\/08\/DSC06706-1024x683.jpg\" alt=\"\" class=\"wp-image-214\" srcset=\"https:\/\/ensy.edu.mx\/wp-content\/uploads\/2024\/08\/DSC06706-1024x683.jpg 1024w, https:\/\/ensy.edu.mx\/wp-content\/uploads\/2024\/08\/DSC06706-300x200.jpg 300w, https:\/\/ensy.edu.mx\/wp-content\/uploads\/2024\/08\/DSC06706-768x512.jpg 768w, https:\/\/ensy.edu.mx\/wp-content\/uploads\/2024\/08\/DSC06706-1536x1024.jpg 1536w, https:\/\/ensy.edu.mx\/wp-content\/uploads\/2024\/08\/DSC06706-2048x1365.jpg 2048w\" sizes=\"auto, (max-width: 1024px) 100vw, 1024px\" \/><\/figure>\n\n\n\n<figure class=\"wp-block-image size-large\"><img loading=\"lazy\" decoding=\"async\" width=\"1024\" height=\"683\" data-id=\"215\" src=\"https:\/\/ensy.edu.mx\/wp-content\/uploads\/2024\/08\/DSC06708-1024x683.jpg\" alt=\"\" class=\"wp-image-215\" srcset=\"https:\/\/ensy.edu.mx\/wp-content\/uploads\/2024\/08\/DSC06708-1024x683.jpg 1024w, https:\/\/ensy.edu.mx\/wp-content\/uploads\/2024\/08\/DSC06708-300x200.jpg 300w, https:\/\/ensy.edu.mx\/wp-content\/uploads\/2024\/08\/DSC06708-768x512.jpg 768w, https:\/\/ensy.edu.mx\/wp-content\/uploads\/2024\/08\/DSC06708-1536x1024.jpg 1536w, https:\/\/ensy.edu.mx\/wp-content\/uploads\/2024\/08\/DSC06708-2048x1365.jpg 2048w\" sizes=\"auto, (max-width: 1024px) 100vw, 1024px\" \/><\/figure>\n\n\n\n<figure class=\"wp-block-image size-large\"><img loading=\"lazy\" decoding=\"async\" width=\"1024\" height=\"683\" data-id=\"212\" src=\"https:\/\/ensy.edu.mx\/wp-content\/uploads\/2024\/08\/DSC06710-1024x683.jpg\" alt=\"\" class=\"wp-image-212\" srcset=\"https:\/\/ensy.edu.mx\/wp-content\/uploads\/2024\/08\/DSC06710-1024x683.jpg 1024w, https:\/\/ensy.edu.mx\/wp-content\/uploads\/2024\/08\/DSC06710-300x200.jpg 300w, https:\/\/ensy.edu.mx\/wp-content\/uploads\/2024\/08\/DSC06710-768x512.jpg 768w, https:\/\/ensy.edu.mx\/wp-content\/uploads\/2024\/08\/DSC06710-1536x1024.jpg 1536w, https:\/\/ensy.edu.mx\/wp-content\/uploads\/2024\/08\/DSC06710-2048x1365.jpg 2048w\" sizes=\"auto, (max-width: 1024px) 100vw, 1024px\" \/><\/figure>\n\n\n\n<figure class=\"wp-block-image size-large\"><img loading=\"lazy\" decoding=\"async\" width=\"1024\" height=\"683\" data-id=\"213\" src=\"https:\/\/ensy.edu.mx\/wp-content\/uploads\/2024\/08\/DSC06711-1024x683.jpg\" alt=\"\" class=\"wp-image-213\" srcset=\"https:\/\/ensy.edu.mx\/wp-content\/uploads\/2024\/08\/DSC06711-1024x683.jpg 1024w, https:\/\/ensy.edu.mx\/wp-content\/uploads\/2024\/08\/DSC06711-300x200.jpg 300w, https:\/\/ensy.edu.mx\/wp-content\/uploads\/2024\/08\/DSC06711-768x512.jpg 768w, https:\/\/ensy.edu.mx\/wp-content\/uploads\/2024\/08\/DSC06711-1536x1024.jpg 1536w, https:\/\/ensy.edu.mx\/wp-content\/uploads\/2024\/08\/DSC06711-2048x1365.jpg 2048w\" sizes=\"auto, (max-width: 1024px) 100vw, 1024px\" \/><\/figure>\n\n\n\n<figure class=\"wp-block-image size-large\"><img loading=\"lazy\" decoding=\"async\" width=\"1024\" height=\"683\" data-id=\"218\" src=\"https:\/\/ensy.edu.mx\/wp-content\/uploads\/2024\/08\/DSC06713-1024x683.jpg\" alt=\"\" class=\"wp-image-218\" srcset=\"https:\/\/ensy.edu.mx\/wp-content\/uploads\/2024\/08\/DSC06713-1024x683.jpg 1024w, https:\/\/ensy.edu.mx\/wp-content\/uploads\/2024\/08\/DSC06713-300x200.jpg 300w, https:\/\/ensy.edu.mx\/wp-content\/uploads\/2024\/08\/DSC06713-768x512.jpg 768w, https:\/\/ensy.edu.mx\/wp-content\/uploads\/2024\/08\/DSC06713-1536x1024.jpg 1536w, https:\/\/ensy.edu.mx\/wp-content\/uploads\/2024\/08\/DSC06713-2048x1365.jpg 2048w\" sizes=\"auto, (max-width: 1024px) 100vw, 1024px\" \/><\/figure>\n\n\n\n<figure class=\"wp-block-image size-large\"><img loading=\"lazy\" decoding=\"async\" width=\"1024\" height=\"683\" data-id=\"216\" src=\"https:\/\/ensy.edu.mx\/wp-content\/uploads\/2024\/08\/DSC06715-1024x683.jpg\" alt=\"\" class=\"wp-image-216\" srcset=\"https:\/\/ensy.edu.mx\/wp-content\/uploads\/2024\/08\/DSC06715-1024x683.jpg 1024w, https:\/\/ensy.edu.mx\/wp-content\/uploads\/2024\/08\/DSC06715-300x200.jpg 300w, https:\/\/ensy.edu.mx\/wp-content\/uploads\/2024\/08\/DSC06715-768x512.jpg 768w, https:\/\/ensy.edu.mx\/wp-content\/uploads\/2024\/08\/DSC06715-1536x1024.jpg 1536w, https:\/\/ensy.edu.mx\/wp-content\/uploads\/2024\/08\/DSC06715-2048x1365.jpg 2048w\" sizes=\"auto, (max-width: 1024px) 100vw, 1024px\" \/><\/figure>\n\n\n\n<figure class=\"wp-block-image size-large\"><img loading=\"lazy\" decoding=\"async\" width=\"1024\" height=\"683\" data-id=\"217\" src=\"https:\/\/ensy.edu.mx\/wp-content\/uploads\/2024\/08\/DSC06717-1024x683.jpg\" alt=\"\" class=\"wp-image-217\" srcset=\"https:\/\/ensy.edu.mx\/wp-content\/uploads\/2024\/08\/DSC06717-1024x683.jpg 1024w, https:\/\/ensy.edu.mx\/wp-content\/uploads\/2024\/08\/DSC06717-300x200.jpg 300w, https:\/\/ensy.edu.mx\/wp-content\/uploads\/2024\/08\/DSC06717-768x512.jpg 768w, https:\/\/ensy.edu.mx\/wp-content\/uploads\/2024\/08\/DSC06717-1536x1024.jpg 1536w, https:\/\/ensy.edu.mx\/wp-content\/uploads\/2024\/08\/DSC06717-2048x1365.jpg 2048w\" sizes=\"auto, (max-width: 1024px) 100vw, 1024px\" \/><\/figure>\n\n\n\n<figure class=\"wp-block-image size-large\"><img loading=\"lazy\" decoding=\"async\" width=\"1024\" height=\"683\" data-id=\"219\" src=\"https:\/\/ensy.edu.mx\/wp-content\/uploads\/2024\/08\/DSC06718-1024x683.jpg\" alt=\"\" class=\"wp-image-219\" srcset=\"https:\/\/ensy.edu.mx\/wp-content\/uploads\/2024\/08\/DSC06718-1024x683.jpg 1024w, https:\/\/ensy.edu.mx\/wp-content\/uploads\/2024\/08\/DSC06718-300x200.jpg 300w, https:\/\/ensy.edu.mx\/wp-content\/uploads\/2024\/08\/DSC06718-768x512.jpg 768w, https:\/\/ensy.edu.mx\/wp-content\/uploads\/2024\/08\/DSC06718-1536x1024.jpg 1536w, https:\/\/ensy.edu.mx\/wp-content\/uploads\/2024\/08\/DSC06718-2048x1365.jpg 2048w\" sizes=\"auto, (max-width: 1024px) 100vw, 1024px\" \/><\/figure>\n\n\n\n<figure class=\"wp-block-image size-large\"><img loading=\"lazy\" decoding=\"async\" width=\"1024\" height=\"683\" data-id=\"220\" src=\"https:\/\/ensy.edu.mx\/wp-content\/uploads\/2024\/08\/DSC06719-1024x683.jpg\" alt=\"\" class=\"wp-image-220\" srcset=\"https:\/\/ensy.edu.mx\/wp-content\/uploads\/2024\/08\/DSC06719-1024x683.jpg 1024w, https:\/\/ensy.edu.mx\/wp-content\/uploads\/2024\/08\/DSC06719-300x200.jpg 300w, https:\/\/ensy.edu.mx\/wp-content\/uploads\/2024\/08\/DSC06719-768x512.jpg 768w, https:\/\/ensy.edu.mx\/wp-content\/uploads\/2024\/08\/DSC06719-1536x1024.jpg 1536w, https:\/\/ensy.edu.mx\/wp-content\/uploads\/2024\/08\/DSC06719-2048x1365.jpg 2048w\" sizes=\"auto, (max-width: 1024px) 100vw, 1024px\" \/><\/figure>\n<\/figure>\n","protected":false},"excerpt":{"rendered":"<p>Coordinador Mtro. Luis Matos Gonz\u00e1lezMENSAJE DE BIENVENIDA PARA LAS Y LOS ALUMNOS DE PRIMER INGRESO DE LA GENERACI\u00d3N 2024-2025 Ago 26, 2024 J\u00f3venes Normalistas: Sean todas y todos ustedes muy bienvenidos a este nuevo ciclo escolar, 2024-2025.Bienvenidos a la mejor casa de estudios de nuestro &hellip; <\/p>\n","protected":false},"author":1,"featured_media":0,"parent":0,"menu_order":0,"comment_status":"closed","ping_status":"closed","template":"","meta":{"footnotes":""},"class_list":["post-64","page","type-page","status-publish","hentry"],"_links":{"self":[{"href":"https:\/\/ensy.edu.mx\/index.php\/wp-json\/wp\/v2\/pages\/64","targetHints":{"allow":["GET"]}}],"collection":[{"href":"https:\/\/ensy.edu.mx\/index.php\/wp-json\/wp\/v2\/pages"}],"about":[{"href":"https:\/\/ensy.edu.mx\/index.php\/wp-json\/wp\/v2\/types\/page"}],"author":[{"embeddable":true,"href":"https:\/\/ensy.edu.mx\/index.php\/wp-json\/wp\/v2\/users\/1"}],"replies":[{"embeddable":true,"href":"https:\/\/ensy.edu.mx\/index.php\/wp-json\/wp\/v2\/comments?post=64"}],"version-history":[{"count":9,"href":"https:\/\/ensy.edu.mx\/index.php\/wp-json\/wp\/v2\/pages\/64\/revisions"}],"predecessor-version":[{"id":2989,"href":"https:\/\/ensy.edu.mx\/index.php\/wp-json\/wp\/v2\/pages\/64\/revisions\/2989"}],"wp:attachment":[{"href":"https:\/\/ensy.edu.mx\/index.php\/wp-json\/wp\/v2\/media?parent=64"}],"curies":[{"name":"wp","href":"https:\/\/api.w.org\/{rel}","templated":true}]}}