{"id":574,"date":"2024-11-01T18:17:46","date_gmt":"2024-11-01T18:17:46","guid":{"rendered":"https:\/\/ensy.edu.mx\/?page_id=574"},"modified":"2025-01-27T23:34:18","modified_gmt":"2025-01-27T23:34:18","slug":"actividades-ingles","status":"publish","type":"page","link":"https:\/\/ensy.edu.mx\/index.php\/actividades-ingles\/","title":{"rendered":"Actividades de la Lic. en Ingl\u00e9s"},"content":{"rendered":"\n<p>El jueves 23 de enero, se presentaron los proyectos integradores de los alumnos<br>de 1\u00ba, 3\u00ba y 5\u00ba semestre de la Licenciatura en ense\u00f1anza y aprendizaje del Ingl\u00e9s.<br>El auditorio, la biblioteca y la cancha de la Escuela Normal Superior de Yucat\u00e1n,<br>fueron los escenarios id\u00f3neos para el desarrollo de las estrategias.<br>Actividades kinest\u00e9sicas, visuales, auditivas y l\u00fadicas; videos, folletos, webquest y<br>material did\u00e1ctico; todo dise\u00f1ado y elaborado por los j\u00f3venes de la Especialidad<br>para ense\u00f1ar Ingl\u00e9s en preescolar, primaria, secundaria y preparatoria.<br>Se cont\u00f3 con la participaci\u00f3n de EGALI, quienes presentaron a los alumnos<br>oportunidades para estudiar en el extranjero.<br>Adem\u00e1s de compartir conocimientos y experiencias, este espacio permiti\u00f3 a los<br>estudiantes fortalecer sus habilidades docentes y dominios del saber.<br>Gracias a la coordinaci\u00f3n y participaci\u00f3n de alumnos y docentes de la Licenciatura<br>en ense\u00f1anza y aprendizaje del Ingl\u00e9s, el evento fue todo un \u00e9xito.<\/p>\n\n\n\n<figure class=\"wp-block-image size-full\"><img loading=\"lazy\" decoding=\"async\" width=\"795\" height=\"353\" src=\"https:\/\/ensy.edu.mx\/wp-content\/uploads\/2025\/01\/image.png\" alt=\"\" class=\"wp-image-843\" srcset=\"https:\/\/ensy.edu.mx\/wp-content\/uploads\/2025\/01\/image.png 795w, https:\/\/ensy.edu.mx\/wp-content\/uploads\/2025\/01\/image-300x133.png 300w, https:\/\/ensy.edu.mx\/wp-content\/uploads\/2025\/01\/image-768x341.png 768w\" sizes=\"auto, (max-width: 795px) 100vw, 795px\" \/><\/figure>\n\n\n\n<p>Activaci\u00f3n f\u00edsica a cargo de los alumnos de 5\u00ba semestre<\/p>\n\n\n\n<figure class=\"wp-block-image size-full\"><img loading=\"lazy\" decoding=\"async\" width=\"500\" height=\"453\" src=\"https:\/\/ensy.edu.mx\/wp-content\/uploads\/2025\/01\/image-1.png\" alt=\"\" class=\"wp-image-844\" srcset=\"https:\/\/ensy.edu.mx\/wp-content\/uploads\/2025\/01\/image-1.png 500w, https:\/\/ensy.edu.mx\/wp-content\/uploads\/2025\/01\/image-1-300x272.png 300w\" sizes=\"auto, (max-width: 500px) 100vw, 500px\" \/><\/figure>\n\n\n\n<p>Pi\u00f1atas \u201cM\u00e9todos de ense\u00f1anza en otros pa\u00edses\u201d presentadas por 1\u00ba semestre.<\/p>\n\n\n\n<p>Actividades de lectura organizadas por 3\u00ba semestre.<\/p>\n\n\n\n<figure class=\"wp-block-image size-full\"><img loading=\"lazy\" decoding=\"async\" width=\"616\" height=\"375\" src=\"https:\/\/ensy.edu.mx\/wp-content\/uploads\/2025\/01\/image-2.png\" alt=\"\" class=\"wp-image-845\" srcset=\"https:\/\/ensy.edu.mx\/wp-content\/uploads\/2025\/01\/image-2.png 616w, https:\/\/ensy.edu.mx\/wp-content\/uploads\/2025\/01\/image-2-300x183.png 300w\" sizes=\"auto, (max-width: 616px) 100vw, 616px\" \/><\/figure>\n\n\n\n<p><\/p>\n\n\n\n<figure class=\"wp-block-image size-full\"><img loading=\"lazy\" decoding=\"async\" width=\"614\" height=\"416\" src=\"https:\/\/ensy.edu.mx\/wp-content\/uploads\/2025\/01\/image-3.png\" alt=\"\" class=\"wp-image-846\" srcset=\"https:\/\/ensy.edu.mx\/wp-content\/uploads\/2025\/01\/image-3.png 614w, https:\/\/ensy.edu.mx\/wp-content\/uploads\/2025\/01\/image-3-300x203.png 300w\" sizes=\"auto, (max-width: 614px) 100vw, 614px\" \/><\/figure>\n\n\n\n<p>Charla impartida por EGALI en el Auditorio<\/p>\n\n\n\n<figure class=\"wp-block-image size-large\"><img loading=\"lazy\" decoding=\"async\" width=\"1024\" height=\"731\" src=\"https:\/\/ensy.edu.mx\/wp-content\/uploads\/2025\/01\/image-4-1024x731.png\" alt=\"\" class=\"wp-image-847\" srcset=\"https:\/\/ensy.edu.mx\/wp-content\/uploads\/2025\/01\/image-4-1024x731.png 1024w, https:\/\/ensy.edu.mx\/wp-content\/uploads\/2025\/01\/image-4-300x214.png 300w, https:\/\/ensy.edu.mx\/wp-content\/uploads\/2025\/01\/image-4-768x549.png 768w, https:\/\/ensy.edu.mx\/wp-content\/uploads\/2025\/01\/image-4-1536x1097.png 1536w, https:\/\/ensy.edu.mx\/wp-content\/uploads\/2025\/01\/image-4-2048x1463.png 2048w\" sizes=\"auto, (max-width: 1024px) 100vw, 1024px\" \/><\/figure>\n\n\n\n<p><\/p>\n\n\n\n<p><\/p>\n\n\n\n<p><\/p>\n\n\n\n<p>El jueves 31 de octubre, con motivo de la Muestra de Altares, la Licenciatura en Ense\u00f1anza y Aprendizaje del Ingl\u00e9s, present\u00f3 un altar del Estado de Yucat\u00e1n.<br>Alumnos de primero, tercero y quinto semestre, as\u00ed como docentes de la Especialidad, aportaron comida, manteles, flores, juguetes, dulces, velas, incienso y todo lo necesario para montar el altar yucateco tradicional dedicado a los ni\u00f1os difuntos.<br>El altar fue presentado en&nbsp; maya, espa\u00f1ol e&nbsp; ingl\u00e9s por alumnos de los tres semestres: Susana Tolosa (Maya), Italia C\u00e1rdenas, Ana Paulina Garc\u00eda y Alondra Dzul (Espa\u00f1ol), Ma. Fernanda Cordero, H\u00e9ctor Estrella y&nbsp;Raquel C\u00e1rdenas (Ingl\u00e9s).<\/p>\n\n\n\n<figure class=\"wp-block-image size-large\"><img loading=\"lazy\" decoding=\"async\" width=\"1024\" height=\"601\" src=\"https:\/\/ensy.edu.mx\/wp-content\/uploads\/2024\/11\/IMG_20241031_121528-1-1024x601.jpg\" alt=\"\" class=\"wp-image-588\" srcset=\"https:\/\/ensy.edu.mx\/wp-content\/uploads\/2024\/11\/IMG_20241031_121528-1-1024x601.jpg 1024w, https:\/\/ensy.edu.mx\/wp-content\/uploads\/2024\/11\/IMG_20241031_121528-1-300x176.jpg 300w, https:\/\/ensy.edu.mx\/wp-content\/uploads\/2024\/11\/IMG_20241031_121528-1-768x451.jpg 768w, https:\/\/ensy.edu.mx\/wp-content\/uploads\/2024\/11\/IMG_20241031_121528-1-1536x901.jpg 1536w, https:\/\/ensy.edu.mx\/wp-content\/uploads\/2024\/11\/IMG_20241031_121528-1-2048x1202.jpg 2048w\" sizes=\"auto, (max-width: 1024px) 100vw, 1024px\" \/><figcaption class=\"wp-element-caption\">Oplus_131072<\/figcaption><\/figure>\n\n\n\n<figure class=\"wp-block-image size-large\"><img loading=\"lazy\" decoding=\"async\" width=\"1024\" height=\"959\" src=\"https:\/\/ensy.edu.mx\/wp-content\/uploads\/2024\/11\/IMG_20241031_100629-1-1024x959.jpg\" alt=\"\" class=\"wp-image-589\" srcset=\"https:\/\/ensy.edu.mx\/wp-content\/uploads\/2024\/11\/IMG_20241031_100629-1-1024x959.jpg 1024w, https:\/\/ensy.edu.mx\/wp-content\/uploads\/2024\/11\/IMG_20241031_100629-1-300x281.jpg 300w, https:\/\/ensy.edu.mx\/wp-content\/uploads\/2024\/11\/IMG_20241031_100629-1-768x719.jpg 768w, https:\/\/ensy.edu.mx\/wp-content\/uploads\/2024\/11\/IMG_20241031_100629-1-1536x1439.jpg 1536w, https:\/\/ensy.edu.mx\/wp-content\/uploads\/2024\/11\/IMG_20241031_100629-1-2048x1918.jpg 2048w\" sizes=\"auto, (max-width: 1024px) 100vw, 1024px\" \/><figcaption class=\"wp-element-caption\">Oplus_131072<\/figcaption><\/figure>\n\n\n\n<p><\/p>\n\n\n\n<p>El 29 de noviembre, alumnos de 5o semestre de la Licenciatura en Ense\u00f1anza y aprendizaje del Ingl\u00e9s, asistieron a la M\u00e9rida English Library.<\/p>\n\n\n\n<p>Los alumnos tuvieron la oportunidad de conocer ese maravilloso lugar y todas las oportunidades de aprendizaje que brinda.<\/p>\n\n\n\n<p>Como consecuencia de la visita, 3 alumnas se hicieron miembros de MEL, lo que impactar\u00e1 positivamente en su crecimiento profesional y desempe\u00f1o docente, beneficiando a la educaci\u00f3n y a toda la comunidad<\/p>\n\n\n\n<figure class=\"wp-block-gallery has-nested-images columns-default is-cropped wp-block-gallery-1 is-layout-flex wp-block-gallery-is-layout-flex\">\n<figure class=\"wp-block-image size-large\"><img loading=\"lazy\" decoding=\"async\" width=\"1024\" height=\"771\" data-id=\"595\" src=\"https:\/\/ensy.edu.mx\/wp-content\/uploads\/2024\/11\/5o-semestre-de-Ingles-1024x771.jpeg\" alt=\"\" class=\"wp-image-595\" srcset=\"https:\/\/ensy.edu.mx\/wp-content\/uploads\/2024\/11\/5o-semestre-de-Ingles-1024x771.jpeg 1024w, https:\/\/ensy.edu.mx\/wp-content\/uploads\/2024\/11\/5o-semestre-de-Ingles-300x226.jpeg 300w, https:\/\/ensy.edu.mx\/wp-content\/uploads\/2024\/11\/5o-semestre-de-Ingles-768x578.jpeg 768w, https:\/\/ensy.edu.mx\/wp-content\/uploads\/2024\/11\/5o-semestre-de-Ingles-1536x1156.jpeg 1536w, https:\/\/ensy.edu.mx\/wp-content\/uploads\/2024\/11\/5o-semestre-de-Ingles.jpeg 1600w\" sizes=\"auto, (max-width: 1024px) 100vw, 1024px\" \/><\/figure>\n\n\n\n<figure class=\"wp-block-image size-large\"><img loading=\"lazy\" decoding=\"async\" width=\"1024\" height=\"771\" data-id=\"592\" src=\"https:\/\/ensy.edu.mx\/wp-content\/uploads\/2024\/11\/Aprendiendo-a-buscar-un-libro-1024x771.jpeg\" alt=\"\" class=\"wp-image-592\" srcset=\"https:\/\/ensy.edu.mx\/wp-content\/uploads\/2024\/11\/Aprendiendo-a-buscar-un-libro-1024x771.jpeg 1024w, https:\/\/ensy.edu.mx\/wp-content\/uploads\/2024\/11\/Aprendiendo-a-buscar-un-libro-300x226.jpeg 300w, https:\/\/ensy.edu.mx\/wp-content\/uploads\/2024\/11\/Aprendiendo-a-buscar-un-libro-768x578.jpeg 768w, https:\/\/ensy.edu.mx\/wp-content\/uploads\/2024\/11\/Aprendiendo-a-buscar-un-libro-1536x1156.jpeg 1536w, https:\/\/ensy.edu.mx\/wp-content\/uploads\/2024\/11\/Aprendiendo-a-buscar-un-libro.jpeg 1600w\" sizes=\"auto, (max-width: 1024px) 100vw, 1024px\" \/><\/figure>\n\n\n\n<figure class=\"wp-block-image size-large\"><img loading=\"lazy\" decoding=\"async\" width=\"771\" height=\"1024\" data-id=\"593\" src=\"https:\/\/ensy.edu.mx\/wp-content\/uploads\/2024\/11\/Conociendo-los-libros-en-MEL-771x1024.jpeg\" alt=\"\" class=\"wp-image-593\" srcset=\"https:\/\/ensy.edu.mx\/wp-content\/uploads\/2024\/11\/Conociendo-los-libros-en-MEL-771x1024.jpeg 771w, https:\/\/ensy.edu.mx\/wp-content\/uploads\/2024\/11\/Conociendo-los-libros-en-MEL-226x300.jpeg 226w, https:\/\/ensy.edu.mx\/wp-content\/uploads\/2024\/11\/Conociendo-los-libros-en-MEL-768x1021.jpeg 768w, https:\/\/ensy.edu.mx\/wp-content\/uploads\/2024\/11\/Conociendo-los-libros-en-MEL-1156x1536.jpeg 1156w, https:\/\/ensy.edu.mx\/wp-content\/uploads\/2024\/11\/Conociendo-los-libros-en-MEL.jpeg 1204w\" sizes=\"auto, (max-width: 771px) 100vw, 771px\" \/><\/figure>\n\n\n\n<figure class=\"wp-block-image size-large\"><img loading=\"lazy\" decoding=\"async\" width=\"1024\" height=\"771\" data-id=\"596\" src=\"https:\/\/ensy.edu.mx\/wp-content\/uploads\/2024\/11\/Patio-central-MEL-1024x771.jpeg\" alt=\"\" class=\"wp-image-596\" srcset=\"https:\/\/ensy.edu.mx\/wp-content\/uploads\/2024\/11\/Patio-central-MEL-1024x771.jpeg 1024w, https:\/\/ensy.edu.mx\/wp-content\/uploads\/2024\/11\/Patio-central-MEL-300x226.jpeg 300w, https:\/\/ensy.edu.mx\/wp-content\/uploads\/2024\/11\/Patio-central-MEL-768x578.jpeg 768w, https:\/\/ensy.edu.mx\/wp-content\/uploads\/2024\/11\/Patio-central-MEL-1536x1156.jpeg 1536w, https:\/\/ensy.edu.mx\/wp-content\/uploads\/2024\/11\/Patio-central-MEL.jpeg 1600w\" sizes=\"auto, (max-width: 1024px) 100vw, 1024px\" \/><\/figure>\n\n\n\n<figure class=\"wp-block-image size-large\"><img loading=\"lazy\" decoding=\"async\" width=\"1024\" height=\"771\" data-id=\"594\" src=\"https:\/\/ensy.edu.mx\/wp-content\/uploads\/2024\/11\/Salon-de-lectura-infantil-1024x771.jpeg\" alt=\"\" class=\"wp-image-594\" srcset=\"https:\/\/ensy.edu.mx\/wp-content\/uploads\/2024\/11\/Salon-de-lectura-infantil-1024x771.jpeg 1024w, https:\/\/ensy.edu.mx\/wp-content\/uploads\/2024\/11\/Salon-de-lectura-infantil-300x226.jpeg 300w, https:\/\/ensy.edu.mx\/wp-content\/uploads\/2024\/11\/Salon-de-lectura-infantil-768x578.jpeg 768w, https:\/\/ensy.edu.mx\/wp-content\/uploads\/2024\/11\/Salon-de-lectura-infantil-1536x1156.jpeg 1536w, https:\/\/ensy.edu.mx\/wp-content\/uploads\/2024\/11\/Salon-de-lectura-infantil.jpeg 1600w\" sizes=\"auto, (max-width: 1024px) 100vw, 1024px\" \/><\/figure>\n<\/figure>\n","protected":false},"excerpt":{"rendered":"<p>El jueves 23 de enero, se presentaron los proyectos integradores de los alumnosde 1\u00ba, 3\u00ba y 5\u00ba semestre de la Licenciatura en ense\u00f1anza y aprendizaje del Ingl\u00e9s.El auditorio, la biblioteca y la cancha de la Escuela Normal Superior de Yucat\u00e1n,fueron los escenarios id\u00f3neos para el &hellip; <\/p>\n","protected":false},"author":1,"featured_media":0,"parent":0,"menu_order":0,"comment_status":"closed","ping_status":"closed","template":"","meta":{"footnotes":""},"class_list":["post-574","page","type-page","status-publish","hentry"],"_links":{"self":[{"href":"https:\/\/ensy.edu.mx\/index.php\/wp-json\/wp\/v2\/pages\/574","targetHints":{"allow":["GET"]}}],"collection":[{"href":"https:\/\/ensy.edu.mx\/index.php\/wp-json\/wp\/v2\/pages"}],"about":[{"href":"https:\/\/ensy.edu.mx\/index.php\/wp-json\/wp\/v2\/types\/page"}],"author":[{"embeddable":true,"href":"https:\/\/ensy.edu.mx\/index.php\/wp-json\/wp\/v2\/users\/1"}],"replies":[{"embeddable":true,"href":"https:\/\/ensy.edu.mx\/index.php\/wp-json\/wp\/v2\/comments?post=574"}],"version-history":[{"count":6,"href":"https:\/\/ensy.edu.mx\/index.php\/wp-json\/wp\/v2\/pages\/574\/revisions"}],"predecessor-version":[{"id":848,"href":"https:\/\/ensy.edu.mx\/index.php\/wp-json\/wp\/v2\/pages\/574\/revisions\/848"}],"wp:attachment":[{"href":"https:\/\/ensy.edu.mx\/index.php\/wp-json\/wp\/v2\/media?parent=574"}],"curies":[{"name":"wp","href":"https:\/\/api.w.org\/{rel}","templated":true}]}}