{"id":2044,"date":"2025-09-01T21:42:59","date_gmt":"2025-09-01T21:42:59","guid":{"rendered":"https:\/\/ensy.edu.mx\/?page_id=2044"},"modified":"2025-09-01T21:42:59","modified_gmt":"2025-09-01T21:42:59","slug":"se-realizan-reuniones-plenarias-con-las-y-los-docentes-de-los-turnos-matutino-y-vespertino","status":"publish","type":"page","link":"https:\/\/ensy.edu.mx\/index.php\/se-realizan-reuniones-plenarias-con-las-y-los-docentes-de-los-turnos-matutino-y-vespertino\/","title":{"rendered":"Se realizan reuniones plenarias con las y los docentes de los turnos matutino y vespertino,"},"content":{"rendered":"\n<p>En la Escuela Normal Superior de Yucat\u00e1n, la semana del 25 al 29 de agosto fue dedicada a la planeaci\u00f3n general y a la habilitaci\u00f3n docente, ante el inminente inicio de clases el pr\u00f3ximo primero de septiembre. Se realizaron reuniones plenarias con las y los docentes de los turnos matutino y vespertino, y les fueron entregados sus horarios. El Director inform\u00f3 sobre temas y acciones relevantes de la vida institucional para el pr\u00f3ximo semestre. Tambi\u00e9n sesionaron las academias de las 8 Licenciaturas y se realizaron preparativos para recibir a los alumnos de nuevo ingreso, incluidos los de Posgrado.<\/p>\n\n\n\n<p>Igualmente, la Dra. Amira C\u00e1mara Cort\u00e9s -acad\u00e9mica adscrita a la Subsecretar\u00eda de Educaci\u00f3n Superior- imparti\u00f3 un taller sobre el sistema de notaci\u00f3n y referenciaci\u00f3n APA 7.<\/p>\n\n\n\n<p>Asimismo, ante la decisi\u00f3n tomada por nuestra Escuela para participar en el Sistema de Evaluaci\u00f3n y Acreditaci\u00f3n de la Educaci\u00f3n Superior (SEAES), hoy viernes 29 se constituy\u00f3 el Equipo Institucional que, bajo el liderazgo del Mtro. <a href=\"https:\/\/www.facebook.com\/negretequijano?__cft__[0]=AZUzHrGOtzsMXOi5k2nKW0OAIMg_W9otdhHrDsX_kosWA9rEDv2lrpDm2dPBAOjTHm6Io7LIK-Pp4flPK7q6ej3NjlPs14rj91fIbY76_ZDaF3nXHsz7QiE7MBG8zQVGpcE&amp;__tn__=-]K-R\">Manuel Negrete Quijano<\/a> -Subdirector Acad\u00e9mico-, y del Dr. Reyes Efra\u00edn Canto Pech -Enlace Institucional ante el SEAES- se encargar\u00e1 de realizar de manera participativa este complejo ejercicio, mismo que sin duda alguna arrojar\u00e1 resultados positivos para la mejora continua de los servicios educativos que brinda la ENSY a cientos de j\u00f3venes y al magisterio yucateco.<\/p>\n\n\n\n<p>As\u00ed seguimos impulsando el proceso de reordenamiento y fortalecimiento institucional que nos han encomendado el gobernador <a href=\"https:\/\/www.facebook.com\/huachodiazmena?__cft__[0]=AZUzHrGOtzsMXOi5k2nKW0OAIMg_W9otdhHrDsX_kosWA9rEDv2lrpDm2dPBAOjTHm6Io7LIK-Pp4flPK7q6ej3NjlPs14rj91fIbY76_ZDaF3nXHsz7QiE7MBG8zQVGpcE&amp;__tn__=-]K-R\">Huacho D\u00edaz Mena<\/a> y el Secretario de Educaci\u00f3n Dr. <a href=\"https:\/\/www.facebook.com\/juanenrique.balamvarguez?__cft__[0]=AZUzHrGOtzsMXOi5k2nKW0OAIMg_W9otdhHrDsX_kosWA9rEDv2lrpDm2dPBAOjTHm6Io7LIK-Pp4flPK7q6ej3NjlPs14rj91fIbY76_ZDaF3nXHsz7QiE7MBG8zQVGpcE&amp;__tn__=-]K-R\">Juan E. Balam<\/a>. Enhorabuena.<\/p>\n\n\n\n<p>ENSY: \u00abAprendiendo hoy para ense\u00f1ar ma\u00f1ana.\u00bb<\/p>\n\n\n\n<figure class=\"wp-block-image size-full\"><img loading=\"lazy\" decoding=\"async\" width=\"677\" height=\"377\" src=\"https:\/\/ensy.edu.mx\/wp-content\/uploads\/2025\/09\/image.png\" alt=\"\" class=\"wp-image-2045\" srcset=\"https:\/\/ensy.edu.mx\/wp-content\/uploads\/2025\/09\/image.png 677w, https:\/\/ensy.edu.mx\/wp-content\/uploads\/2025\/09\/image-300x167.png 300w\" sizes=\"auto, (max-width: 677px) 100vw, 677px\" \/><\/figure>\n\n\n\n<figure class=\"wp-block-image size-large\"><img loading=\"lazy\" decoding=\"async\" width=\"1024\" height=\"473\" src=\"https:\/\/ensy.edu.mx\/wp-content\/uploads\/2025\/09\/image-1-1024x473.png\" alt=\"\" class=\"wp-image-2046\" srcset=\"https:\/\/ensy.edu.mx\/wp-content\/uploads\/2025\/09\/image-1-1024x473.png 1024w, https:\/\/ensy.edu.mx\/wp-content\/uploads\/2025\/09\/image-1-300x139.png 300w, https:\/\/ensy.edu.mx\/wp-content\/uploads\/2025\/09\/image-1-768x355.png 768w, https:\/\/ensy.edu.mx\/wp-content\/uploads\/2025\/09\/image-1-1536x709.png 1536w, https:\/\/ensy.edu.mx\/wp-content\/uploads\/2025\/09\/image-1-2048x946.png 2048w\" sizes=\"auto, (max-width: 1024px) 100vw, 1024px\" \/><\/figure>\n\n\n\n<figure class=\"wp-block-image size-large\"><img loading=\"lazy\" decoding=\"async\" width=\"768\" height=\"1024\" src=\"https:\/\/ensy.edu.mx\/wp-content\/uploads\/2025\/09\/image-2-768x1024.png\" alt=\"\" class=\"wp-image-2047\" srcset=\"https:\/\/ensy.edu.mx\/wp-content\/uploads\/2025\/09\/image-2-768x1024.png 768w, https:\/\/ensy.edu.mx\/wp-content\/uploads\/2025\/09\/image-2-225x300.png 225w, https:\/\/ensy.edu.mx\/wp-content\/uploads\/2025\/09\/image-2-1152x1536.png 1152w, https:\/\/ensy.edu.mx\/wp-content\/uploads\/2025\/09\/image-2.png 1536w\" sizes=\"auto, (max-width: 768px) 100vw, 768px\" \/><\/figure>\n","protected":false},"excerpt":{"rendered":"<p>En la Escuela Normal Superior de Yucat\u00e1n, la semana del 25 al 29 de agosto fue dedicada a la planeaci\u00f3n general y a la habilitaci\u00f3n docente, ante el inminente inicio de clases el pr\u00f3ximo primero de septiembre. Se realizaron reuniones plenarias con las y los &hellip; <\/p>\n","protected":false},"author":1,"featured_media":0,"parent":0,"menu_order":0,"comment_status":"closed","ping_status":"closed","template":"","meta":{"footnotes":""},"class_list":["post-2044","page","type-page","status-publish","hentry"],"_links":{"self":[{"href":"https:\/\/ensy.edu.mx\/index.php\/wp-json\/wp\/v2\/pages\/2044","targetHints":{"allow":["GET"]}}],"collection":[{"href":"https:\/\/ensy.edu.mx\/index.php\/wp-json\/wp\/v2\/pages"}],"about":[{"href":"https:\/\/ensy.edu.mx\/index.php\/wp-json\/wp\/v2\/types\/page"}],"author":[{"embeddable":true,"href":"https:\/\/ensy.edu.mx\/index.php\/wp-json\/wp\/v2\/users\/1"}],"replies":[{"embeddable":true,"href":"https:\/\/ensy.edu.mx\/index.php\/wp-json\/wp\/v2\/comments?post=2044"}],"version-history":[{"count":1,"href":"https:\/\/ensy.edu.mx\/index.php\/wp-json\/wp\/v2\/pages\/2044\/revisions"}],"predecessor-version":[{"id":2049,"href":"https:\/\/ensy.edu.mx\/index.php\/wp-json\/wp\/v2\/pages\/2044\/revisions\/2049"}],"wp:attachment":[{"href":"https:\/\/ensy.edu.mx\/index.php\/wp-json\/wp\/v2\/media?parent=2044"}],"curies":[{"name":"wp","href":"https:\/\/api.w.org\/{rel}","templated":true}]}}