{"id":132,"date":"2024-08-28T22:20:29","date_gmt":"2024-08-28T22:20:29","guid":{"rendered":"https:\/\/ensy.edu.mx\/?page_id=132"},"modified":"2024-08-28T22:21:28","modified_gmt":"2024-08-28T22:21:28","slug":"biblioteca-pedagogica","status":"publish","type":"page","link":"https:\/\/ensy.edu.mx\/index.php\/biblioteca-pedagogica\/","title":{"rendered":"Biblioteca Pedag\u00f3gica"},"content":{"rendered":"\n<p><strong>Horario<\/strong>:   Lunes a viernes de \u00a08:00 am. a 8:00 p.m.<\/p>\n\n\n\n<p><\/p>\n\n\n\n<p><strong>I.-&nbsp; Disposiciones generales.<\/strong><\/p>\n\n\n\n<p>La biblioteca se reserva el derecho de admisi\u00f3n a los usuarios, en casos en los que la Direcci\u00f3n de la escuela as\u00ed lo requiera.<br>Es responsabilidad del usuario utilizar adecuadamente los libros e instalaciones de la biblioteca.<br>En virtud de contar con un servicio de estanter\u00eda abierta, los usuarios deber\u00e1n respetar las disposiciones generales de orden y comportamiento que este reglamento determine.<br>La biblioteca no se hace responsable de las suspensiones del servicio por causas ajenas a su control, como fallas en el servicio de energ\u00eda el\u00e9ctrica o contingencias similares.<br>El horario de servicio es de lunes a viernes, de 8:00 a 20:00 hrs., s\u00e1bados de 10:00 a 18:00 hrs. y domingos de 9:00 a 13:00 hrs.<br>La biblioteca se reserva el derecho de consulta o pr\u00e9stamo de obras que por sus caracter\u00edsticas as\u00ed lo requieran como vol\u00famenes que requieran mantenimiento o trabajos de tesis.<\/p>\n\n\n\n<p><strong>II.-&nbsp; De los servicios que presta y de los procedimientos para acceder a ellos:<\/strong><\/p>\n\n\n\n<p>Apoyo y orientaci\u00f3n a usuarios.<\/p>\n\n\n\n<p>Asesor\u00edas a usuarios en caso de traer bibliograf\u00eda espec\u00edfica.<br>Pr\u00e9stamo a domicilio que deber\u00e1 realizarse con la credencial de elector (sin distinci\u00f3n), para lo cual deber\u00e1 solicitar la forma correspondiente al bibliotecario.<br>El pr\u00e9stamo de libros se realiza por tres d\u00edas, siempre y cuando se tengan en existencia tres o m\u00e1s ejemplares.<br>El n\u00famero de libros que pueden solicitarse en prestamos son 3.<br>Si se desea realizar alguna actividad especial, podr\u00e1 solicitarlo al bibliotecario, cuidando de hacerlo con suficiente anticipaci\u00f3n.<br>Despu\u00e9s de utilizar los libros podr\u00e1 dejarlos en el escritorio del bibliotecario, quien los devolver\u00e1 a su lugar correspondiente.<br>Constancias de no adeudo de libros para los alumnos.<\/p>\n\n\n\n<p><strong>III.- Los Usuarios.<\/strong><\/p>\n\n\n\n<p>Se considera usuarios internos al personal acad\u00e9mico, a los trabajadores administrativos y a los alumnos de la ENSY.<br>Son considerados usuarios externos las personas no incluidas en el p\u00e1rrafo anterior. El t\u00e9rmino usuario aplica a cualquiera de los dos anteriormente descrito.<br>Los Usuarios internos de la ENSY podr\u00e1n utilizar todos los servicios que se ofrecen de acuerdo al presente reglamento.<br>Los usuarios externos podr\u00e1n utilizar todos los servicios a excepci\u00f3n de los relativos al desarrollo de actividades dentro de la biblioteca sin contar con la aprobaci\u00f3n previa por la Direcci\u00f3n de la escuela.<br>El usuario debe observar y cumplir las siguientes normas:<br>Registrarse en la libreta de control.<br>No introducir alimentos, bebidas y golosinas.<br>No introducir tel\u00e9fonos celulares encendidos, radios, animales y en general cualquier objeto que pueda alterar el orden.<br>No se permite fumar en la biblioteca.<br>No se permite la entrada con gorra, boina, etc.<br>Cuando existan necesidades de mantenimiento o causas de fuerza mayor, la biblioteca podr\u00e1 suspender los servicios, previo aviso a los usuarios.<br>A los usuarios que se les sorprenda resaltando textos, poniendo notas al calce o desprendiendo hojas de alg\u00fan libro se les suspender\u00e1 el servicio.<br>Dentro de la biblioteca, se deber\u00e1 mantener el respeto hacia los dem\u00e1s usuarios y utilizar cuidadosamente el acervo.<br>Los usuarios deber\u00e1n dejar su bulto, bolso, portafolio, cajas, etc., en el lugar indicado en la biblioteca y estar al pendiente de sus pertenencias.<br>Los usuarios no deber\u00e1n revolver el mobiliario y de hacerlo\u00a0 deber\u00e1n colocarlo nuevamente en su lugar.<br>Los usuarios que infrinjan por primera vez las normas asentadas en este reglamento, se har\u00e1n acreedores a una sanci\u00f3n administrativa consistente en la suspensi\u00f3n de los Servicios hasta por una semana. En caso de reincidir, se turnar\u00e1 a la Direcci\u00f3n de la Escuela.<\/p>\n","protected":false},"excerpt":{"rendered":"<p>Horario: Lunes a viernes de \u00a08:00 am. a 8:00 p.m. I.-&nbsp; Disposiciones generales. La biblioteca se reserva el derecho de admisi\u00f3n a los usuarios, en casos en los que la Direcci\u00f3n de la escuela as\u00ed lo requiera.Es responsabilidad del usuario utilizar adecuadamente los libros e &hellip; <\/p>\n","protected":false},"author":1,"featured_media":0,"parent":0,"menu_order":0,"comment_status":"closed","ping_status":"closed","template":"","meta":{"footnotes":""},"class_list":["post-132","page","type-page","status-publish","hentry"],"_links":{"self":[{"href":"https:\/\/ensy.edu.mx\/index.php\/wp-json\/wp\/v2\/pages\/132","targetHints":{"allow":["GET"]}}],"collection":[{"href":"https:\/\/ensy.edu.mx\/index.php\/wp-json\/wp\/v2\/pages"}],"about":[{"href":"https:\/\/ensy.edu.mx\/index.php\/wp-json\/wp\/v2\/types\/page"}],"author":[{"embeddable":true,"href":"https:\/\/ensy.edu.mx\/index.php\/wp-json\/wp\/v2\/users\/1"}],"replies":[{"embeddable":true,"href":"https:\/\/ensy.edu.mx\/index.php\/wp-json\/wp\/v2\/comments?post=132"}],"version-history":[{"count":2,"href":"https:\/\/ensy.edu.mx\/index.php\/wp-json\/wp\/v2\/pages\/132\/revisions"}],"predecessor-version":[{"id":136,"href":"https:\/\/ensy.edu.mx\/index.php\/wp-json\/wp\/v2\/pages\/132\/revisions\/136"}],"wp:attachment":[{"href":"https:\/\/ensy.edu.mx\/index.php\/wp-json\/wp\/v2\/media?parent=132"}],"curies":[{"name":"wp","href":"https:\/\/api.w.org\/{rel}","templated":true}]}}