{"id":129,"date":"2024-08-28T22:09:28","date_gmt":"2024-08-28T22:09:28","guid":{"rendered":"https:\/\/ensy.edu.mx\/?page_id=129"},"modified":"2024-09-02T21:30:56","modified_gmt":"2024-09-02T21:30:56","slug":"mision-y-vision","status":"publish","type":"page","link":"https:\/\/ensy.edu.mx\/index.php\/mision-y-vision\/","title":{"rendered":"Misi\u00f3n y Visi\u00f3n"},"content":{"rendered":"\n<h2 class=\"wp-block-heading\">Misi\u00f3n<\/h2>\n\n\n\n<p>La Misi\u00f3n de la Escuela Normal Superior de Yucat\u00e1n es brindar formaci\u00f3n integral humana, acad\u00e9mica y pedag\u00f3gica de calidad a los estudiantes que se orientan por la profesi\u00f3n docente. Busca desarrollar competencias intelectuales superiores, promover la sensibilidad, el pensamiento cr\u00edtico y la \u00e9tica, y contribuir a la consolidaci\u00f3n de una sociedad pac\u00edfica, justa e inclusiva.<\/p>\n\n\n\n<h2 class=\"wp-block-heading\">Visi\u00f3n<\/h2>\n\n\n\n<p>Ser una instituci\u00f3n l\u00edder en la formaci\u00f3n inicial, actualizaci\u00f3n y superaci\u00f3n de profesionales de la educaci\u00f3n, con programas educativos de calidad que respondan a los retos actuales de la sociedad del conocimiento, que impulsa el trabajo colaborativo, la movilidad nacional e internacional y la investigaci\u00f3n intra e interinstitucional, con una planta docente calificada, procesos certificados de gesti\u00f3n y una infraestructura f\u00edsica y tecnol\u00f3gica de vanguardia, para generar agentes de cambio con propuestas innovadoras, creativas y de impacto que contribuyan a la construcci\u00f3n de una comunidad global m\u00e1s humana<\/p>\n\n\n\n<p><\/p>\n","protected":false},"excerpt":{"rendered":"<p>Misi\u00f3n La Misi\u00f3n de la Escuela Normal Superior de Yucat\u00e1n es brindar formaci\u00f3n integral humana, acad\u00e9mica y pedag\u00f3gica de calidad a los estudiantes que se orientan por la profesi\u00f3n docente. Busca desarrollar competencias intelectuales superiores, promover la sensibilidad, el pensamiento cr\u00edtico y la \u00e9tica, y &hellip; <\/p>\n","protected":false},"author":1,"featured_media":0,"parent":0,"menu_order":0,"comment_status":"closed","ping_status":"closed","template":"","meta":{"footnotes":""},"class_list":["post-129","page","type-page","status-publish","hentry"],"_links":{"self":[{"href":"https:\/\/ensy.edu.mx\/index.php\/wp-json\/wp\/v2\/pages\/129","targetHints":{"allow":["GET"]}}],"collection":[{"href":"https:\/\/ensy.edu.mx\/index.php\/wp-json\/wp\/v2\/pages"}],"about":[{"href":"https:\/\/ensy.edu.mx\/index.php\/wp-json\/wp\/v2\/types\/page"}],"author":[{"embeddable":true,"href":"https:\/\/ensy.edu.mx\/index.php\/wp-json\/wp\/v2\/users\/1"}],"replies":[{"embeddable":true,"href":"https:\/\/ensy.edu.mx\/index.php\/wp-json\/wp\/v2\/comments?post=129"}],"version-history":[{"count":2,"href":"https:\/\/ensy.edu.mx\/index.php\/wp-json\/wp\/v2\/pages\/129\/revisions"}],"predecessor-version":[{"id":327,"href":"https:\/\/ensy.edu.mx\/index.php\/wp-json\/wp\/v2\/pages\/129\/revisions\/327"}],"wp:attachment":[{"href":"https:\/\/ensy.edu.mx\/index.php\/wp-json\/wp\/v2\/media?parent=129"}],"curies":[{"name":"wp","href":"https:\/\/api.w.org\/{rel}","templated":true}]}}